{"id":57,"date":"2025-11-02T16:43:23","date_gmt":"2025-11-02T15:43:23","guid":{"rendered":"https:\/\/kids4hope.de\/web\/?page_id=57"},"modified":"2026-03-11T09:59:30","modified_gmt":"2026-03-11T08:59:30","slug":"willkommen","status":"publish","type":"page","link":"https:\/\/kids4hope.de\/web\/","title":{"rendered":"Willkommen"},"content":{"rendered":"<p><img loading=\"lazy\" decoding=\"async\" class=\"alignnone size-full wp-image-105\" src=\"https:\/\/kids4hope.de\/web\/wp-content\/uploads\/2025\/11\/flagge-und-kids.jpg\" alt=\"\" width=\"1161\" height=\"425\" srcset=\"https:\/\/kids4hope.de\/web\/wp-content\/uploads\/2025\/11\/flagge-und-kids.jpg 1161w, https:\/\/kids4hope.de\/web\/wp-content\/uploads\/2025\/11\/flagge-und-kids-600x220.jpg 600w, https:\/\/kids4hope.de\/web\/wp-content\/uploads\/2025\/11\/flagge-und-kids-768x281.jpg 768w\" sizes=\"auto, (max-width: 1161px) 100vw, 1161px\" \/><\/p>\r\n\r\n<p>Wir m\u00f6chten Sie herzlich auf unserer Webseite begr\u00fc\u00dfen und auf den folgenden Seiten unsere Projekte vorstellen.<\/p>\r\n\r\n<p><strong>Willkommen auf unserer Seite \u2013 sch\u00f6n, dass Sie da sind!<\/strong><\/p>\r\n<p>&nbsp;<\/p>\r\n<p data-start=\"128\" data-end=\"403\">In einer Welt, die von politischen, sozialen und \u00f6kologischen Krisen gepr\u00e4gt ist, wollen wir Orientierung bieten. Unsere Plattform hat sich zum Ziel gesetzt, verst\u00e4ndlich und transparent \u00fcber aktuelle Herausforderungen zu informieren \u2013 klar, unabh\u00e4ngig und aus erster Hand.<\/p>\r\n<p data-start=\"405\" data-end=\"692\">Genauso wichtig ist uns jedoch, den Blick auf das Positive zu richten: auf inspirierende humanit\u00e4re Projekte, auf Menschen, die zusammenhalten, Mut machen und Verantwortung \u00fcbernehmen. Hier finden Sie Geschichten, die zeigen, wie viel Kraft in Solidarit\u00e4t und Mitmenschlichkeit steckt.<\/p>\r\n<p data-start=\"405\" data-end=\"692\"><img loading=\"lazy\" decoding=\"async\" class=\"alignnone size-large wp-image-236\" src=\"https:\/\/kids4hope.de\/web\/wp-content\/uploads\/2026\/03\/whatsapp-image-2026-03-11-at-092505-1050x1400.jpeg\" alt=\"\" width=\"1050\" height=\"1400\" srcset=\"https:\/\/kids4hope.de\/web\/wp-content\/uploads\/2026\/03\/whatsapp-image-2026-03-11-at-092505-1050x1400.jpeg 1050w, https:\/\/kids4hope.de\/web\/wp-content\/uploads\/2026\/03\/whatsapp-image-2026-03-11-at-092505-768x1024.jpeg 768w, https:\/\/kids4hope.de\/web\/wp-content\/uploads\/2026\/03\/whatsapp-image-2026-03-11-at-092505-1152x1536.jpeg 1152w, https:\/\/kids4hope.de\/web\/wp-content\/uploads\/2026\/03\/whatsapp-image-2026-03-11-at-092505.jpeg 1536w\" sizes=\"auto, (max-width: 1050px) 100vw, 1050px\" \/><\/p>\r\n<p data-start=\"694\" data-end=\"928\">Wir m\u00f6chten informieren, bewegen und vernetzen. Entdecken Sie Hintergr\u00fcnde zu globalen Entwicklungen, Einblicke in engagierte Initiativen und Berichte von Menschen, die t\u00e4glich dazu beitragen, unsere Welt ein St\u00fcck besser zu machen.<\/p>\r\n<p data-start=\"930\" data-end=\"1051\"><strong data-start=\"930\" data-end=\"1051\">Danke, dass Sie sich f\u00fcr Fakten, Dialog und Hoffnung interessieren \u2013 und herzlich willkommen in unserer Gemeinschaft.<\/strong><\/p>","protected":false},"excerpt":{"rendered":"<p>Wir m\u00f6chten Sie herzlich auf unserer Webseite begr\u00fc\u00dfen und auf den folgenden Seiten unsere Projekte vorstellen. Willkommen auf unserer Seite \u2013 sch\u00f6n, dass Sie da sind! &nbsp; In einer Welt, die von politischen, sozialen und \u00f6kologischen Krisen gepr\u00e4gt ist, wollen wir Orientierung bieten. Unsere Plattform hat sich zum Ziel gesetzt, verst\u00e4ndlich und transparent \u00fcber aktuelle [&hellip;]<\/p>\n","protected":false},"author":2,"featured_media":0,"parent":0,"menu_order":0,"comment_status":"closed","ping_status":"closed","template":"page-no-title","meta":{"footnotes":""},"class_list":["post-57","page","type-page","status-publish","hentry"],"_links":{"self":[{"href":"https:\/\/kids4hope.de\/web\/wp-json\/wp\/v2\/pages\/57","targetHints":{"allow":["GET"]}}],"collection":[{"href":"https:\/\/kids4hope.de\/web\/wp-json\/wp\/v2\/pages"}],"about":[{"href":"https:\/\/kids4hope.de\/web\/wp-json\/wp\/v2\/types\/page"}],"author":[{"embeddable":true,"href":"https:\/\/kids4hope.de\/web\/wp-json\/wp\/v2\/users\/2"}],"replies":[{"embeddable":true,"href":"https:\/\/kids4hope.de\/web\/wp-json\/wp\/v2\/comments?post=57"}],"version-history":[{"count":10,"href":"https:\/\/kids4hope.de\/web\/wp-json\/wp\/v2\/pages\/57\/revisions"}],"predecessor-version":[{"id":238,"href":"https:\/\/kids4hope.de\/web\/wp-json\/wp\/v2\/pages\/57\/revisions\/238"}],"wp:attachment":[{"href":"https:\/\/kids4hope.de\/web\/wp-json\/wp\/v2\/media?parent=57"}],"curies":[{"name":"wp","href":"https:\/\/api.w.org\/{rel}","templated":true}]}}